{"id":226,"date":"2020-05-24T08:53:46","date_gmt":"2020-05-24T08:53:46","guid":{"rendered":"https:\/\/lloretdemarinfo.com\/?page_id=226"},"modified":"2020-05-24T09:34:14","modified_gmt":"2020-05-24T09:34:14","slug":"kortingscodes-en-aanbiedingen-accommodaties-lloret-de-mar","status":"publish","type":"page","link":"https:\/\/www.clubvillamar.es\/content\/lloret-de-mar\/es\/descuento-codigo-offerta-lloret-de-mar\/codigo-descuento-casas-alojamiento-lloret-de-mar\/","title":{"rendered":"C\u00f3digos de descuento y ofertas de alojamiento Lloret de Mar"},"content":{"rendered":"<p>\u00a1Hay tanta diversi\u00f3n que hacer en Lloret de Mar! \u00bfSabes lo que lo hace a\u00fan m\u00e1s divertido? Descuentos y ofertas en su estad\u00eda. \u00a1As\u00ed duermes a\u00fan mejor! Ya sea que alquile una villa de lujo o se aloje en una casa de vacaciones, villa de vacaciones, apartamento, hotel o en el campamento ... \u00a1Todo es a\u00fan m\u00e1s divertido con un buen descuento! <\/p>\n\n\n\n<p>En esta p\u00e1gina encontrar\u00e1 ofertas y c\u00f3digos de descuento de proveedores de alojamiento en Lloret de Mar. \u00a1\u00daselo para su ventaja! Si desea un c\u00f3digo de descuento para un descuento en sus actividades en Lloret de Mar, haga clic aqu\u00ed.<\/p>\n\n\n\n<h2 class=\"wp-block-heading\">C\u00f3digo de descuento del Club Villamar!<\/h2>\n\n\n\n<figure class=\"wp-block-image size-large\"><a href=\"https:\/\/www.clubvillamar.nl\" target=\"_blank\" rel=\"noopener noreferrer\"><img loading=\"lazy\" decoding=\"async\" width=\"1024\" height=\"678\" src=\"\/content\/lloret-de-mar\/wp-content\/uploads\/2020\/05\/romana3-1024x678.jpg\" alt=\"\" class=\"wp-image-228\" srcset=\"https:\/\/www.clubvillamar.es\/content\/lloret-de-mar\/wp-content\/uploads\/2020\/05\/romana3-1024x678.jpg 1024w, https:\/\/www.clubvillamar.es\/content\/lloret-de-mar\/wp-content\/uploads\/2020\/05\/romana3-300x199.jpg 300w, https:\/\/www.clubvillamar.es\/content\/lloret-de-mar\/wp-content\/uploads\/2020\/05\/romana3-768x509.jpg 768w, https:\/\/www.clubvillamar.es\/content\/lloret-de-mar\/wp-content\/uploads\/2020\/05\/romana3.jpg 1200w\" sizes=\"(max-width: 1024px) 100vw, 1024px\" \/><\/a><figcaption>Club Villamar: el l\u00edder indiscutible en alquiler de villas y casas de vacaciones en la Costa Brava (Espa\u00f1a). Ahora con descuento!<\/figcaption><\/figure>\n\n\n\n<p>Si te has centrado en alquilar una villa de vacaciones de lujo o una casa de vacaciones en Lloret de Mar, \u00a1ya has descubierto que no puedes ignorar al Club Villamar!<\/p>\n\n\n\n<p>El l\u00edder absoluto en alquileres de vacaciones en Lloret, Club Villamar tiene literalmente cientos de villas y alquileres de vacaciones en Lloret de Mar y el resto de la Costa Brava. En realidad, ofrecen casas de vacaciones y residencias en toda Espa\u00f1a (m\u00e1s de 3500). Entonces encontrar\u00e1s en su sitio web <a aria-label=\"www.clubvillamar.nl (se abre en una nueva pesta\u00f1a)\" href=\"https:\/\/www.clubvillamar.nl\" target=\"_blank\" rel=\"noreferrer noopener\" class=\"rank-math-link\">www.clubvillamar.es<\/a> literalmente encontrar\u00e1s miles de villas con piscina privada. <\/p>\n\n\n\n<p>\u00bfQuieres alquilar una villa de vacaciones con tus amigos o familiares? \u00bfTe parece una buena opci\u00f3n pasar la noche en Lloret de Mar? Si es as\u00ed, nosotros (en colaboraci\u00f3n con Club Villamar) tenemos un c\u00f3digo de descuento para t\u00ed:<\/p>\n\n\n\n<p><strong>lloretdemarinfo.com 50<\/strong><\/p>\n\n\n\n<p>Ingresa este c\u00f3digo en el segundo paso de tu reserva e inmediatamente te aparecer\u00e1 un descuento de 50 \u20ac. Genial, \u00bfno? \u00a1El equivalente a un almuerzo gratis en la playa de Lloret con tus amigos o familiares!<\/p>\n\n\n\n<p><strong>\u00a1Tambi\u00e9n puedes compartir f\u00e1cilmente esta p\u00e1gina con tus amigos en las redes sociales (vea las opciones en esta p\u00e1gina)! <\/strong><\/p>\n\n\n\n<p><strong>\u00a1As\u00ed todos pueden disfrutar de un descuento en Club Villamar!<\/strong><\/p>\n\n\n\n<p>Ten en cuenta: <\/p>\n\n\n\n<ul><li>Este c\u00f3digo de descuento no se puede combinar con otros descuentos.<\/li><li>Este descuento se aplica a todos los objetos de www.clubvillamar.es<\/li><li>Este descuento tiene una validez limitada, \u00a1as\u00ed que \u00fasalo r\u00e1pidamente! Entra en <a href=\"https:\/\/www.clubvillamar.nl\" target=\"_blank\" aria-label=\"www.clubvillamar.nl (se abre en una nueva pesta\u00f1a)\" rel=\"noreferrer noopener\" class=\"rank-math-link\">www.clubvillamar.es<\/a> y haga su reserva ahora y alquile una super villa con piscina privada en Lloret de Mar!<\/li><\/ul>","protected":false},"excerpt":{"rendered":"<p>\u00a1Hay tanta diversi\u00f3n que hacer en Lloret de Mar! \u00bfSabes qu\u00e9 lo hace a\u00fan m\u00e1s divertido? Descuentos y ofertas en tu estancia. \u00a1As\u00ed duermes a\u00fan mejor! Si usted<\/p>","protected":false},"author":2,"featured_media":228,"parent":223,"menu_order":0,"comment_status":"closed","ping_status":"closed","template":"","meta":{"om_disable_all_campaigns":false,"footnotes":""},"_links":{"self":[{"href":"https:\/\/www.clubvillamar.es\/content\/lloret-de-mar\/es\/wp-json\/wp\/v2\/pages\/226"}],"collection":[{"href":"https:\/\/www.clubvillamar.es\/content\/lloret-de-mar\/es\/wp-json\/wp\/v2\/pages"}],"about":[{"href":"https:\/\/www.clubvillamar.es\/content\/lloret-de-mar\/es\/wp-json\/wp\/v2\/types\/page"}],"author":[{"embeddable":true,"href":"https:\/\/www.clubvillamar.es\/content\/lloret-de-mar\/es\/wp-json\/wp\/v2\/users\/2"}],"replies":[{"embeddable":true,"href":"https:\/\/www.clubvillamar.es\/content\/lloret-de-mar\/es\/wp-json\/wp\/v2\/comments?post=226"}],"version-history":[{"count":7,"href":"https:\/\/www.clubvillamar.es\/content\/lloret-de-mar\/es\/wp-json\/wp\/v2\/pages\/226\/revisions"}],"predecessor-version":[{"id":242,"href":"https:\/\/www.clubvillamar.es\/content\/lloret-de-mar\/es\/wp-json\/wp\/v2\/pages\/226\/revisions\/242"}],"up":[{"embeddable":true,"href":"https:\/\/www.clubvillamar.es\/content\/lloret-de-mar\/es\/wp-json\/wp\/v2\/pages\/223"}],"wp:featuredmedia":[{"embeddable":true,"href":"https:\/\/www.clubvillamar.es\/content\/lloret-de-mar\/es\/wp-json\/wp\/v2\/media\/228"}],"wp:attachment":[{"href":"https:\/\/www.clubvillamar.es\/content\/lloret-de-mar\/es\/wp-json\/wp\/v2\/media?parent=226"}],"curies":[{"name":"wp","href":"https:\/\/api.w.org\/{rel}","templated":true}]}}