{"id":223,"date":"2020-05-24T08:55:24","date_gmt":"2020-05-24T08:55:24","guid":{"rendered":"https:\/\/lloretdemarinfo.com\/?page_id=223"},"modified":"2020-05-24T09:39:11","modified_gmt":"2020-05-24T09:39:11","slug":"aanbiedingen-en-kortingscodes-lloret-de-mar-costa-brava","status":"publish","type":"page","link":"https:\/\/www.clubvillamar.es\/content\/lloret-de-mar\/es\/descuento-codigo-offerta-lloret-de-mar\/","title":{"rendered":"Ofertas y c\u00f3digos de descuento en Lloret de Mar (Costa Brava) - \u00a1Especialmente para ti!"},"content":{"rendered":"<p>Bienvenido a la visi\u00f3n general de <strong>ofertas y c\u00f3digos de descuento<\/strong> para estancias (alojamientos) y actividades, m\u00e1s concretamente, en <strong>Lloret de Mar, Costa Brava<\/strong>. Tambi\u00e9n ofrecemos descuentos en los trayectos a Girona y Barcelona, entre otros. <\/p>\n\n\n\n<p>En Lloret de Mar hay much\u00edsimas cosas que hacer, que ver y que experimentar, \u00a1pero, es a\u00fan m\u00e1s divertido si pagas menos gracias a un c\u00f3digo de descuento! Ya sea en el alquiler de una villa de lujo, en una jornada en el parque acu\u00e1tico de Waterworld o cualquier otra actividad, \u00a1un buen c\u00f3digo de descuento nunca est\u00e1 de m\u00e1s!<\/p>\n\n\n\n<p>\u00a1Por este motivo queremos ayudarte con estos c\u00f3digos de descuento y ofertas para tus vacaciones en Lloret! A continuaci\u00f3n encontrar\u00e1s una descripci\u00f3n general de los c\u00f3digos de descuento. Esperamos que lo pases muy bien (por menos dinero ;-)) en Lloret de Mar.<\/p>\n\n\n\n<p>\u00bfQuieres que otros tambi\u00e9n se beneficien de estos descuentos? Comparte <strong>esta p\u00e1gina de manera sencilla en las redes sociales<\/strong>y echa un vistazo a las posibilidades en esta p\u00e1gina.<\/p>\n\n\n\n<h2 class=\"wp-block-heading\"><a aria-label=\"Descuento en alojamiento en Lloret de Mar (se abre en una nueva pesta\u00f1a)\" href=\"\/content\/lloret-de-mar\/es\/kortingscodes-en-aanbiedingen-accommodaties-lloret-de-mar\/\" target=\"_blank\" rel=\"noreferrer noopener\" class=\"rank-math-link\">Descuento de alojamiento en Lloret de Mar<\/a> (haz clic aqu\u00ed)<\/h2>\n\n\n\n<figure class=\"wp-block-image size-large\"><img loading=\"lazy\" decoding=\"async\" width=\"800\" height=\"536\" src=\"\/content\/lloret-de-mar\/wp-content\/uploads\/2020\/05\/l6.jpg\" alt=\"\" class=\"wp-image-224\" srcset=\"https:\/\/www.clubvillamar.es\/content\/lloret-de-mar\/wp-content\/uploads\/2020\/05\/l6.jpg 800w, https:\/\/www.clubvillamar.es\/content\/lloret-de-mar\/wp-content\/uploads\/2020\/05\/l6-300x201.jpg 300w, https:\/\/www.clubvillamar.es\/content\/lloret-de-mar\/wp-content\/uploads\/2020\/05\/l6-768x515.jpg 768w\" sizes=\"(max-width: 800px) 100vw, 800px\" \/><figcaption><a href=\"\/content\/lloret-de-mar\/es\/aanbiedingen-en-kortingscodes-lloret-de-mar-costa-brava\/kortingscodes-en-aanbiedingen-accommodaties-lloret-de-mar\/\" target=\"_blank\" aria-label=\"C\u00f3digos de descuento para alojamientos en Lloret de Mar (se abre en una nueva pesta\u00f1a)\" rel=\"noreferrer noopener\" class=\"rank-math-link\">C\u00f3digos de descuento para Alojamientos en Lloret de Mar.<\/a><\/figcaption><\/figure>\n\n\n\n<h2 class=\"wp-block-heading\">Descuento en Actividades en Lloret de Mar<\/h2>\n\n\n\n<figure class=\"wp-block-image size-large\"><img loading=\"lazy\" decoding=\"async\" width=\"1000\" height=\"665\" src=\"\/content\/lloret-de-mar\/wp-content\/uploads\/2020\/05\/Wat-te-doen-in-Lloret-de-Mar-Aventura-Park.jpg\" alt=\"\" class=\"wp-image-161\" srcset=\"https:\/\/www.clubvillamar.es\/content\/lloret-de-mar\/wp-content\/uploads\/2020\/05\/Wat-te-doen-in-Lloret-de-Mar-Aventura-Park.jpg 1000w, https:\/\/www.clubvillamar.es\/content\/lloret-de-mar\/wp-content\/uploads\/2020\/05\/Wat-te-doen-in-Lloret-de-Mar-Aventura-Park-300x200.jpg 300w, https:\/\/www.clubvillamar.es\/content\/lloret-de-mar\/wp-content\/uploads\/2020\/05\/Wat-te-doen-in-Lloret-de-Mar-Aventura-Park-768x511.jpg 768w\" sizes=\"(max-width: 1000px) 100vw, 1000px\" \/><figcaption>Descuentos y ofertas en actividades en Lloret<\/figcaption><\/figure>","protected":false},"excerpt":{"rendered":"<p>Bienvenido al resumen de ofertas y c\u00f3digos de descuento para estancias (alojamientos) y actividades en especial Lloret de Mar en la Costa Brava. Tambi\u00e9n le ofrecemos reducciones de precio para<\/p>","protected":false},"author":2,"featured_media":224,"parent":0,"menu_order":0,"comment_status":"closed","ping_status":"closed","template":"","meta":{"om_disable_all_campaigns":false,"footnotes":""},"_links":{"self":[{"href":"https:\/\/www.clubvillamar.es\/content\/lloret-de-mar\/es\/wp-json\/wp\/v2\/pages\/223"}],"collection":[{"href":"https:\/\/www.clubvillamar.es\/content\/lloret-de-mar\/es\/wp-json\/wp\/v2\/pages"}],"about":[{"href":"https:\/\/www.clubvillamar.es\/content\/lloret-de-mar\/es\/wp-json\/wp\/v2\/types\/page"}],"author":[{"embeddable":true,"href":"https:\/\/www.clubvillamar.es\/content\/lloret-de-mar\/es\/wp-json\/wp\/v2\/users\/2"}],"replies":[{"embeddable":true,"href":"https:\/\/www.clubvillamar.es\/content\/lloret-de-mar\/es\/wp-json\/wp\/v2\/comments?post=223"}],"version-history":[{"count":7,"href":"https:\/\/www.clubvillamar.es\/content\/lloret-de-mar\/es\/wp-json\/wp\/v2\/pages\/223\/revisions"}],"predecessor-version":[{"id":243,"href":"https:\/\/www.clubvillamar.es\/content\/lloret-de-mar\/es\/wp-json\/wp\/v2\/pages\/223\/revisions\/243"}],"wp:featuredmedia":[{"embeddable":true,"href":"https:\/\/www.clubvillamar.es\/content\/lloret-de-mar\/es\/wp-json\/wp\/v2\/media\/224"}],"wp:attachment":[{"href":"https:\/\/www.clubvillamar.es\/content\/lloret-de-mar\/es\/wp-json\/wp\/v2\/media?parent=223"}],"curies":[{"name":"wp","href":"https:\/\/api.w.org\/{rel}","templated":true}]}}